{"id":360,"date":"2025-06-03T13:45:26","date_gmt":"2025-06-03T11:45:26","guid":{"rendered":"https:\/\/www.gemasma.com\/doentes\/"},"modified":"2025-12-22T14:15:43","modified_gmt":"2025-12-22T13:15:43","slug":"doentes","status":"publish","type":"page","link":"https:\/\/www.gemasma.com\/pt-pt\/doentes\/","title":{"rendered":"Doentes"},"content":{"rendered":"<p>[et_pb_section fb_built=&#8221;1&#8243; _builder_version=&#8221;4.27.4&#8243; _module_preset=&#8221;default&#8221; global_colors_info=&#8221;{}&#8221; custom_padding=&#8221;||15px|||&#8221;][et_pb_row _builder_version=&#8221;4.27.4&#8243; _module_preset=&#8221;default&#8221;][et_pb_column _builder_version=&#8221;4.27.4&#8243; _module_preset=&#8221;default&#8221; type=&#8221;4_4&#8243;][et_pb_image src=&#8221;https:\/\/www.gemasma.com\/wp-content\/uploads\/2025\/06\/Pacienteslogo.png&#8221; _builder_version=&#8221;4.27.4&#8243; _module_preset=&#8221;default&#8221; title_text=&#8221;Log\u00f3tipo de Doentes&#8221; hover_enabled=&#8221;0&#8243; sticky_enabled=&#8221;0&#8243; align=&#8221;center&#8221;][\/et_pb_image][\/et_pb_column][\/et_pb_row][\/et_pb_section][et_pb_section fb_built=&#8221;1&#8243; _builder_version=&#8221;4.27.4&#8243; _module_preset=&#8221;default&#8221; custom_padding=&#8221;32px|||||&#8221; hover_enabled=&#8221;0&#8243; global_colors_info=&#8221;{}&#8221; disabled_on=&#8221;on|on|off&#8221; sticky_enabled=&#8221;0&#8243;][et_pb_row column_structure=&#8221;3_5,2_5&#8243; _builder_version=&#8221;4.27.4&#8243; _module_preset=&#8221;default&#8221; global_colors_info=&#8221;{}&#8221;][et_pb_column type=&#8221;3_5&#8243; _builder_version=&#8221;4.27.4&#8243; _module_preset=&#8221;default&#8221; global_colors_info=&#8221;{}&#8221;][et_pb_cta title=&#8221;Guia GEMA para Doentes. Recomenda\u00e7\u00f5es sobre Asma&#8221; button_url=&#8221;https:\/\/www.gemasma.com\/wp-content\/uploads\/2025\/06\/GEMA_pacientes_s_logo.pdf&#8221; button_text=&#8221;DESCARREGAR GUIA&#8221; _builder_version=&#8221;4.27.4&#8243; _module_preset=&#8221;default&#8221; background_color=&#8221;#ededed&#8221; custom_button=&#8221;on&#8221; button_text_size=&#8221;18px&#8221; button_text_color=&#8221;#FFFFFF&#8221; button_bg_color=&#8221;#000000&#8243; button_border_radius=&#8221;7px&#8221; button_icon_color=&#8221;#000000&#8243; button_alignment=&#8221;center&#8221; transform_translate=&#8221;122px|87px&#8221; text_orientation=&#8221;left&#8221; background_layout=&#8221;light&#8221; width=&#8221;87%&#8221; custom_padding=&#8221;201px|86px|190px|86px|false|false&#8221; border_radii=&#8221;on|44px|44px|44px|44px&#8221; border_color_all=&#8221;#000000&#8243; box_shadow_style=&#8221;preset1&#8243; global_colors_info=&#8221;{}&#8221;]<\/p>\n<div class=\"o-card-guide__copy\">\n<div id=\"id-field-body\">\n<div class=\"clearfix text-formatted field field--name-body field--type-text-with-summary field--label-hidden field__item\">\n<p style=\"text-align: center;\"><span>Apresentamos, de seguida, a nova edi\u00e7\u00e3o do guia GEMA para doentes. Trata-se de um texto dirigido a doentes ou familiares, redigido em linguagem coloquial, breve, clara, com muitas imagens, compreens\u00edvel para todos os p\u00fablicos, independentemente do seu n\u00edvel cultural. Esta GEMA para doentes, baseada na GEMA 5.3 e 5.4, representa a terceira edi\u00e7\u00e3o do documento e esperamos que contribua para melhorar a condi\u00e7\u00e3o cl\u00ednica dos seus potenciais leitores.<\/span><\/p>\n<\/div>\n<\/div>\n<\/div>\n<div class=\"o-card-guide__footer\">\n<div class=\"o-card-guide__actions\"><\/div>\n<\/div>\n<p>[\/et_pb_cta][\/et_pb_column][et_pb_column type=&#8221;2_5&#8243; _builder_version=&#8221;4.27.4&#8243; _module_preset=&#8221;default&#8221; global_colors_info=&#8221;{}&#8221;][et_pb_image src=&#8221;https:\/\/www.gemasma.com\/wp-content\/uploads\/2025\/06\/iagema-ilustracion-sombra.png&#8221; title_text=&#8221;iagema-ilustracion-sombra&#8221; _builder_version=&#8221;4.27.4&#8243; _module_preset=&#8221;default&#8221; transform_translate=&#8221;-149px|-10px&#8221; global_colors_info=&#8221;{}&#8221;][\/et_pb_image][\/et_pb_column][\/et_pb_row][\/et_pb_section][et_pb_section fb_built=&#8221;1&#8243; _builder_version=&#8221;4.27.4&#8243; _module_preset=&#8221;default&#8221; custom_padding=&#8221;32px|||||&#8221; global_colors_info=&#8221;{}&#8221;][et_pb_row column_structure=&#8221;3_5,2_5&#8243; _builder_version=&#8221;4.27.4&#8243; _module_preset=&#8221;default&#8221; hover_enabled=&#8221;0&#8243; global_colors_info=&#8221;{}&#8221; disabled_on=&#8221;off|off|on&#8221; sticky_enabled=&#8221;0&#8243;][et_pb_column type=&#8221;3_5&#8243; _builder_version=&#8221;4.27.4&#8243; _module_preset=&#8221;default&#8221; global_colors_info=&#8221;{}&#8221;][et_pb_cta title=&#8221;Guia GEMA para Doentes. Recomenda\u00e7\u00f5es sobre Asma&#8221; button_url=&#8221;https:\/\/www.gemasma.com\/wp-content\/uploads\/2025\/06\/GEMA_pacientes_s_logo.pdf&#8221; button_text=&#8221;DESCARREGAR GUIA&#8221; _builder_version=&#8221;4.27.4&#8243; _module_preset=&#8221;default&#8221; background_color=&#8221;#ededed&#8221; custom_button=&#8221;on&#8221; button_text_size=&#8221;18px&#8221; button_text_color=&#8221;#FFFFFF&#8221; button_bg_color=&#8221;#000000&#8243; button_border_radius=&#8221;7px&#8221; button_icon_color=&#8221;#000000&#8243; button_alignment=&#8221;center&#8221; text_orientation=&#8221;left&#8221; background_layout=&#8221;light&#8221; width=&#8221;87%&#8221; custom_padding=&#8221;201px|86px|190px|86px|false|false&#8221; hover_enabled=&#8221;0&#8243; border_radii=&#8221;on|44px|44px|44px|44px&#8221; border_color_all=&#8221;#000000&#8243; box_shadow_style=&#8221;preset1&#8243; global_colors_info=&#8221;{}&#8221; sticky_enabled=&#8221;0&#8243;]<\/p>\n<div class=\"o-card-guide__copy\">\n<div id=\"id-field-body\">\n<div class=\"clearfix text-formatted field field--name-body field--type-text-with-summary field--label-hidden field__item\">\n<p style=\"text-align: center;\"><span>Apresentamos, de seguida, a nova edi\u00e7\u00e3o do guia GEMA para doentes. Trata-se de um texto dirigido a doentes ou familiares, redigido em linguagem coloquial, breve, clara, com muitas imagens, compreens\u00edvel para todos os p\u00fablicos, independentemente do seu n\u00edvel cultural. Esta GEMA para doentes, baseada na GEMA 5.3 e 5.4, representa a terceira edi\u00e7\u00e3o do documento e esperamos que contribua para melhorar a condi\u00e7\u00e3o cl\u00ednica dos seus potenciais leitores.<\/span><\/p>\n<\/div>\n<\/div>\n<\/div>\n<div class=\"o-card-guide__footer\">\n<div class=\"o-card-guide__actions\"><\/div>\n<\/div>\n<p>[\/et_pb_cta][\/et_pb_column][et_pb_column type=&#8221;2_5&#8243; _builder_version=&#8221;4.27.4&#8243; _module_preset=&#8221;default&#8221; global_colors_info=&#8221;{}&#8221;][et_pb_image src=&#8221;https:\/\/www.gemasma.com\/wp-content\/uploads\/2025\/06\/iagema-ilustracion-sombra.png&#8221; title_text=&#8221;iagema-ilustracion-sombra&#8221; _builder_version=&#8221;4.27.4&#8243; _module_preset=&#8221;default&#8221; hover_enabled=&#8221;0&#8243; global_colors_info=&#8221;{}&#8221; sticky_enabled=&#8221;0&#8243;][\/et_pb_image][\/et_pb_column][\/et_pb_row][\/et_pb_section][et_pb_section fb_built=&#8221;1&#8243; _builder_version=&#8221;4.27.4&#8243; _module_preset=&#8221;default&#8221; background_color=&#8221;#be0015&#8243; custom_padding=&#8221;0px||0px|||&#8221; global_colors_info=&#8221;{}&#8221;][et_pb_row _builder_version=&#8221;4.27.4&#8243; _module_preset=&#8221;default&#8221; width=&#8221;97%&#8221; custom_padding=&#8221;12px||9px|||&#8221; global_colors_info=&#8221;{}&#8221;][et_pb_column type=&#8221;4_4&#8243; _builder_version=&#8221;4.27.4&#8243; _module_preset=&#8221;default&#8221; global_colors_info=&#8221;{}&#8221;][et_pb_text _builder_version=&#8221;4.27.4&#8243; _module_preset=&#8221;default&#8221; text_text_color=&#8221;#FFFFFF&#8221; link_text_color=&#8221;#FFFFFF&#8221; global_colors_info=&#8221;{}&#8221;]<\/p>\n<p><a href=\"https:\/\/www.gemasma.com\/politica-de-privacidad\/\">Pol\u00edtica de privacidade<\/a>  <a href=\"https:\/\/www.gemasma.com\/terminos-y-condiciones\/\">Termos e condi\u00e7\u00f5es<\/a><\/p>\n<p>[\/et_pb_text][\/et_pb_column][\/et_pb_row][\/et_pb_section]<\/p>\n","protected":false},"excerpt":{"rendered":"<p>Apresentamos, de seguida, a nova edi\u00e7\u00e3o do guia GEMA para doentes. Trata-se de um texto dirigido a doentes ou familiares, redigido em linguagem coloquial, breve, clara, com muitas imagens, compreens\u00edvel para todos os p\u00fablicos, independentemente do seu n\u00edvel cultural. Esta GEMA para doentes, baseada na GEMA 5.3 e 5.4, representa a terceira edi\u00e7\u00e3o do documento [&hellip;]<\/p>\n","protected":false},"author":1,"featured_media":0,"parent":0,"menu_order":0,"comment_status":"closed","ping_status":"closed","template":"","meta":{"_et_pb_use_builder":"on","_et_pb_old_content":"","_et_gb_content_width":"","footnotes":""},"class_list":["post-360","page","type-page","status-publish","hentry"],"_links":{"self":[{"href":"https:\/\/www.gemasma.com\/pt-pt\/wp-json\/wp\/v2\/pages\/360","targetHints":{"allow":["GET"]}}],"collection":[{"href":"https:\/\/www.gemasma.com\/pt-pt\/wp-json\/wp\/v2\/pages"}],"about":[{"href":"https:\/\/www.gemasma.com\/pt-pt\/wp-json\/wp\/v2\/types\/page"}],"author":[{"embeddable":true,"href":"https:\/\/www.gemasma.com\/pt-pt\/wp-json\/wp\/v2\/users\/1"}],"replies":[{"embeddable":true,"href":"https:\/\/www.gemasma.com\/pt-pt\/wp-json\/wp\/v2\/comments?post=360"}],"version-history":[{"count":2,"href":"https:\/\/www.gemasma.com\/pt-pt\/wp-json\/wp\/v2\/pages\/360\/revisions"}],"predecessor-version":[{"id":362,"href":"https:\/\/www.gemasma.com\/pt-pt\/wp-json\/wp\/v2\/pages\/360\/revisions\/362"}],"wp:attachment":[{"href":"https:\/\/www.gemasma.com\/pt-pt\/wp-json\/wp\/v2\/media?parent=360"}],"curies":[{"name":"wp","href":"https:\/\/api.w.org\/{rel}","templated":true}]}}